{"id":38,"date":"2025-03-20T23:41:25","date_gmt":"2025-03-20T22:41:25","guid":{"rendered":"http:\/\/zloteziarno.pl\/?page_id=38"},"modified":"2025-03-20T23:41:25","modified_gmt":"2025-03-20T22:41:25","slug":"palenie-kawy","status":"publish","type":"page","link":"https:\/\/zloteziarno.pl\/?page_id=38","title":{"rendered":"Palenie kawy"},"content":{"rendered":"\n<div class=\"wp-block-group alignfull has-background is-layout-flow wp-block-group-is-layout-flow\" style=\"background-color:#f2f0e9\">\n<div style=\"height:70px\" aria-hidden=\"true\" class=\"wp-block-spacer\"><\/div>\n\n\n\n<div class=\"wp-block-columns alignwide are-vertically-aligned-center is-layout-flex wp-container-core-columns-is-layout-28f84493 wp-block-columns-is-layout-flex\">\n<div class=\"wp-block-column is-layout-flow wp-block-column-is-layout-flow\" style=\"flex-basis:50%\">\n<p class=\"has-text-color\" style=\"color:#000000;font-size:30px;line-height:1.1\"><strong>Odkryj magi\u0119 palenia kawy!<\/strong><\/p>\n<\/div>\n\n\n\n<div class=\"wp-block-column is-layout-flow wp-block-column-is-layout-flow\" style=\"flex-basis:50%\">\n<hr class=\"wp-block-separator has-text-color has-css-opacity has-background is-style-wide\" style=\"background-color:#000000;color:#000000\"\/>\n<\/div>\n<\/div>\n\n\n\n<div class=\"wp-block-columns alignwide is-layout-flex wp-container-core-columns-is-layout-28f84493 wp-block-columns-is-layout-flex\">\n<div class=\"wp-block-column is-layout-flow wp-block-column-is-layout-flow\">\n<p><\/p>\n\n\n\n<p><\/p>\n\n\n\n<p><\/p>\n\n\n\n<p><\/p>\n\n\n\n<p><strong>Dlaczego warto wybra\u0107 nasz\u0105 kaw\u0119?<\/strong><\/p>\n\n\n\n<ul class=\"wp-block-list\">\n<li><strong>\u015awie\u017co\u015b\u0107:<\/strong> Nasza kawa jest palona na bie\u017c\u0105co, aby zapewni\u0107 Ci niezapomniane doznania smakowe.<\/li>\n\n\n\n<li><strong>Jako\u015b\u0107:<\/strong> Wybieramy tylko najlepsze ziarna z renomowanych plantacji na ca\u0142ym \u015bwiecie.<\/li>\n\n\n\n<li><strong>Pasja:<\/strong> Palenie kawy to dla nas sztuka, kt\u00f3r\u0105 wykonujemy z pasj\u0105 i zaanga\u017cowaniem.<\/li>\n\n\n\n<li><strong>R\u00f3\u017cnorodno\u015b\u0107:<\/strong> Oferujemy szeroki wyb\u00f3r kaw o r\u00f3\u017cnym stopniu palenia i profilu smakowym, aby ka\u017cdy znalaz\u0142 co\u015b dla siebie.<\/li>\n<\/ul>\n\n\n\n<p><strong>Zapraszamy do \u015bwiata prawdziwej kawy!<\/strong><\/p>\n\n\n\n<p class=\"has-text-color has-extra-small-font-size\" style=\"color:#000000\">Odwied\u017a nasz\u0105 palarni\u0119 i przekonaj si\u0119, jak wygl\u0105da proces palenia kawy od kuchni. Spr\u00f3buj naszych wyj\u0105tkowych mieszanek i poczuj r\u00f3\u017cnic\u0119, jak\u0105 daje \u015bwie\u017co palona kawa.<\/p>\n<\/div>\n\n\n\n<div class=\"wp-block-column is-layout-flow wp-block-column-is-layout-flow\">\n<p class=\"has-text-color has-extra-small-font-size\" style=\"color:#000000\">Wyobra\u017a sobie zielone ziarna kawy, kt\u00f3re wkraczaj\u0105 w taniec ognia i pasji. To w\u0142a\u015bnie w palarni, pod czujnym okiem mistrza, rodzi si\u0119 esencja smaku, kt\u00f3ra ka\u017cdego ranka budzi Twoje zmys\u0142y.<\/p>\n\n\n\n<p><\/p>\n\n\n\n<p><strong>Od zielonego ziarna do aromatycznego naparu<\/strong><\/p>\n\n\n\n<p>Proces palenia kawy to alchemia, w kt\u00f3rej zielone ziarna, niczym surowe diamenty, pod wp\u0142ywem precyzyjnie kontrolowanej temperatury, nabieraj\u0105 g\u0142\u0119bi i blasku.<\/p>\n\n\n\n<p><strong>Pierwszy taniec z ogniem<\/strong><\/p>\n\n\n\n<p>W pierwszych minutach palenia, ziarna stopniowo trac\u0105 wilgo\u0107, a ich kolor zmienia si\u0119 z zielonego na s\u0142omkowy. To czas, gdy w powietrzu zaczyna unosi\u0107 si\u0119 delikatny aromat pieczonego chleba.<\/p>\n\n\n\n<p><strong>Karmelizacja smaku<\/strong><\/p>\n\n\n\n<p>Wraz ze wzrostem temperatury, cukry zawarte w ziarnach zaczynaj\u0105 karmelizowa\u0107, uwalniaj\u0105c bogactwo smak\u00f3w i aromat\u00f3w. To w tym momencie rodz\u0105 si\u0119 nuty czekolady, orzech\u00f3w, karmelu i owoc\u00f3w, kt\u00f3re tak bardzo kochasz.<\/p>\n\n\n\n<p><strong>Kulminacja aromatu<\/strong><\/p>\n\n\n\n<p>Ostatnie minuty palenia to czas, gdy ziarna osi\u0105gaj\u0105 sw\u00f3j pe\u0142ny potencja\u0142. W powietrzu unosi si\u0119 intensywny aromat \u015bwie\u017co palonej kawy, kt\u00f3ry zapowiada niezapomniane doznania smakowe.<\/p>\n\n\n\n<p><strong>Sztuka wyboru<\/strong><\/p>\n\n\n\n<p>Stopie\u0144 palenia ma kluczowe znaczenie dla ostatecznego smaku kawy. Jasne palenie podkre\u015bla owocowe i kwaskowe nuty, \u015brednie palenie wydobywa s\u0142odycz i r\u00f3wnowag\u0119, a ciemne palenie nadaje kawie intensywny, czekoladowy smak.<\/p>\n\n\n\n<p><\/p>\n<\/div>\n<\/div>\n\n\n\n<div style=\"height:40px\" aria-hidden=\"true\" class=\"wp-block-spacer\"><\/div>\n<\/div>\n\n\n\n<p><\/p>\n","protected":false},"excerpt":{"rendered":"<p>Odkryj magi\u0119 palenia kawy! Dlaczego warto wybra\u0107 nasz\u0105 kaw\u0119? Zapraszamy do \u015bwiata prawdziwej kawy! Odwied\u017a nasz\u0105 palarni\u0119 i przekonaj si\u0119, jak wygl\u0105da proces palenia kawy od kuchni. Spr\u00f3buj naszych wyj\u0105tkowych mieszanek i poczuj r\u00f3\u017cnic\u0119, jak\u0105 daje \u015bwie\u017co palona kawa. Wyobra\u017a sobie zielone ziarna kawy, kt\u00f3re wkraczaj\u0105 w taniec ognia i pasji. To w\u0142a\u015bnie w palarni, [&hellip;]<\/p>\n","protected":false},"author":1,"featured_media":0,"parent":0,"menu_order":0,"comment_status":"closed","ping_status":"closed","template":"","meta":{"footnotes":""},"class_list":["post-38","page","type-page","status-publish","hentry"],"yoast_head":"<!-- This site is optimized with the Yoast SEO plugin v26.0 - https:\/\/yoast.com\/wordpress\/plugins\/seo\/ -->\n<title>Palenie kawy - Z\u0142ote Ziarno<\/title>\n<meta name=\"robots\" content=\"index, follow, max-snippet:-1, max-image-preview:large, max-video-preview:-1\" \/>\n<link rel=\"canonical\" href=\"http:\/\/zloteziarno.pl\/?page_id=38\" \/>\n<meta property=\"og:locale\" content=\"pl_PL\" \/>\n<meta property=\"og:type\" content=\"article\" \/>\n<meta property=\"og:title\" content=\"Palenie kawy - Z\u0142ote Ziarno\" \/>\n<meta property=\"og:description\" content=\"Odkryj magi\u0119 palenia kawy! Dlaczego warto wybra\u0107 nasz\u0105 kaw\u0119? Zapraszamy do \u015bwiata prawdziwej kawy! Odwied\u017a nasz\u0105 palarni\u0119 i przekonaj si\u0119, jak wygl\u0105da proces palenia kawy od kuchni. Spr\u00f3buj naszych wyj\u0105tkowych mieszanek i poczuj r\u00f3\u017cnic\u0119, jak\u0105 daje \u015bwie\u017co palona kawa. Wyobra\u017a sobie zielone ziarna kawy, kt\u00f3re wkraczaj\u0105 w taniec ognia i pasji. To w\u0142a\u015bnie w palarni, [&hellip;]\" \/>\n<meta property=\"og:url\" content=\"http:\/\/zloteziarno.pl\/?page_id=38\" \/>\n<meta property=\"og:site_name\" content=\"Z\u0142ote Ziarno\" \/>\n<meta name=\"twitter:card\" content=\"summary_large_image\" \/>\n<meta name=\"twitter:label1\" content=\"Szacowany czas czytania\" \/>\n\t<meta name=\"twitter:data1\" content=\"2 minuty\" \/>\n<script type=\"application\/ld+json\" class=\"yoast-schema-graph\">{\"@context\":\"https:\/\/schema.org\",\"@graph\":[{\"@type\":\"WebPage\",\"@id\":\"http:\/\/zloteziarno.pl\/?page_id=38\",\"url\":\"http:\/\/zloteziarno.pl\/?page_id=38\",\"name\":\"Palenie kawy - Z\u0142ote Ziarno\",\"isPartOf\":{\"@id\":\"https:\/\/zloteziarno.pl\/#website\"},\"datePublished\":\"2025-03-20T22:41:25+00:00\",\"breadcrumb\":{\"@id\":\"http:\/\/zloteziarno.pl\/?page_id=38#breadcrumb\"},\"inLanguage\":\"pl-PL\",\"potentialAction\":[{\"@type\":\"ReadAction\",\"target\":[\"http:\/\/zloteziarno.pl\/?page_id=38\"]}]},{\"@type\":\"BreadcrumbList\",\"@id\":\"http:\/\/zloteziarno.pl\/?page_id=38#breadcrumb\",\"itemListElement\":[{\"@type\":\"ListItem\",\"position\":1,\"name\":\"Home\",\"item\":\"https:\/\/zloteziarno.pl\/\"},{\"@type\":\"ListItem\",\"position\":2,\"name\":\"Palenie kawy\"}]},{\"@type\":\"WebSite\",\"@id\":\"https:\/\/zloteziarno.pl\/#website\",\"url\":\"https:\/\/zloteziarno.pl\/\",\"name\":\"Z\u0142ote Ziarno\",\"description\":\"Odkryj magi\u0119 kawy. Twoja chwila przyjemno\u015bci.\",\"potentialAction\":[{\"@type\":\"SearchAction\",\"target\":{\"@type\":\"EntryPoint\",\"urlTemplate\":\"https:\/\/zloteziarno.pl\/?s={search_term_string}\"},\"query-input\":{\"@type\":\"PropertyValueSpecification\",\"valueRequired\":true,\"valueName\":\"search_term_string\"}}],\"inLanguage\":\"pl-PL\"}]}<\/script>\n<!-- \/ Yoast SEO plugin. -->","yoast_head_json":{"title":"Palenie kawy - Z\u0142ote Ziarno","robots":{"index":"index","follow":"follow","max-snippet":"max-snippet:-1","max-image-preview":"max-image-preview:large","max-video-preview":"max-video-preview:-1"},"canonical":"http:\/\/zloteziarno.pl\/?page_id=38","og_locale":"pl_PL","og_type":"article","og_title":"Palenie kawy - Z\u0142ote Ziarno","og_description":"Odkryj magi\u0119 palenia kawy! Dlaczego warto wybra\u0107 nasz\u0105 kaw\u0119? Zapraszamy do \u015bwiata prawdziwej kawy! Odwied\u017a nasz\u0105 palarni\u0119 i przekonaj si\u0119, jak wygl\u0105da proces palenia kawy od kuchni. Spr\u00f3buj naszych wyj\u0105tkowych mieszanek i poczuj r\u00f3\u017cnic\u0119, jak\u0105 daje \u015bwie\u017co palona kawa. Wyobra\u017a sobie zielone ziarna kawy, kt\u00f3re wkraczaj\u0105 w taniec ognia i pasji. To w\u0142a\u015bnie w palarni, [&hellip;]","og_url":"http:\/\/zloteziarno.pl\/?page_id=38","og_site_name":"Z\u0142ote Ziarno","twitter_card":"summary_large_image","twitter_misc":{"Szacowany czas czytania":"2 minuty"},"schema":{"@context":"https:\/\/schema.org","@graph":[{"@type":"WebPage","@id":"http:\/\/zloteziarno.pl\/?page_id=38","url":"http:\/\/zloteziarno.pl\/?page_id=38","name":"Palenie kawy - Z\u0142ote Ziarno","isPartOf":{"@id":"https:\/\/zloteziarno.pl\/#website"},"datePublished":"2025-03-20T22:41:25+00:00","breadcrumb":{"@id":"http:\/\/zloteziarno.pl\/?page_id=38#breadcrumb"},"inLanguage":"pl-PL","potentialAction":[{"@type":"ReadAction","target":["http:\/\/zloteziarno.pl\/?page_id=38"]}]},{"@type":"BreadcrumbList","@id":"http:\/\/zloteziarno.pl\/?page_id=38#breadcrumb","itemListElement":[{"@type":"ListItem","position":1,"name":"Home","item":"https:\/\/zloteziarno.pl\/"},{"@type":"ListItem","position":2,"name":"Palenie kawy"}]},{"@type":"WebSite","@id":"https:\/\/zloteziarno.pl\/#website","url":"https:\/\/zloteziarno.pl\/","name":"Z\u0142ote Ziarno","description":"Odkryj magi\u0119 kawy. Twoja chwila przyjemno\u015bci.","potentialAction":[{"@type":"SearchAction","target":{"@type":"EntryPoint","urlTemplate":"https:\/\/zloteziarno.pl\/?s={search_term_string}"},"query-input":{"@type":"PropertyValueSpecification","valueRequired":true,"valueName":"search_term_string"}}],"inLanguage":"pl-PL"}]}},"_links":{"self":[{"href":"https:\/\/zloteziarno.pl\/index.php?rest_route=\/wp\/v2\/pages\/38","targetHints":{"allow":["GET"]}}],"collection":[{"href":"https:\/\/zloteziarno.pl\/index.php?rest_route=\/wp\/v2\/pages"}],"about":[{"href":"https:\/\/zloteziarno.pl\/index.php?rest_route=\/wp\/v2\/types\/page"}],"author":[{"embeddable":true,"href":"https:\/\/zloteziarno.pl\/index.php?rest_route=\/wp\/v2\/users\/1"}],"replies":[{"embeddable":true,"href":"https:\/\/zloteziarno.pl\/index.php?rest_route=%2Fwp%2Fv2%2Fcomments&post=38"}],"version-history":[{"count":2,"href":"https:\/\/zloteziarno.pl\/index.php?rest_route=\/wp\/v2\/pages\/38\/revisions"}],"predecessor-version":[{"id":40,"href":"https:\/\/zloteziarno.pl\/index.php?rest_route=\/wp\/v2\/pages\/38\/revisions\/40"}],"wp:attachment":[{"href":"https:\/\/zloteziarno.pl\/index.php?rest_route=%2Fwp%2Fv2%2Fmedia&parent=38"}],"curies":[{"name":"wp","href":"https:\/\/api.w.org\/{rel}","templated":true}]}}